{"id":10,"date":"2016-08-18T15:56:15","date_gmt":"2016-08-18T13:56:15","guid":{"rendered":"https:\/\/www.nolael.se\/?page_id=10"},"modified":"2022-03-10T21:03:02","modified_gmt":"2022-03-10T20:03:02","slug":"tjanster","status":"publish","type":"page","link":"https:\/\/www.nolael.se\/?page_id=10","title":{"rendered":"Tj\u00e4nster"},"content":{"rendered":"<p><span style=\"font-size: small;\">Nola elkonstruktioner har l\u00e5ngt och bred erfarenhet inom el- och teleomr\u00e5det f\u00f6r de flesta olika typer av anl\u00e4ggningar. Vi hj\u00e4lper till med b\u00e5de stora och sm\u00e5 anl\u00e4ggningar och byggnader. Vi kan erbjuda kvalificerad r\u00e5dgivning inom de flesta omr\u00e5den som finns f\u00f6r elsystem och telesystem.\u00a0<br \/>Vi kan \u00e5ta oss alla sorters utmaningar och uppdrag och hj\u00e4lper till fr\u00e5n id\u00e9 till f\u00e4rdig anl\u00e4ggning.<\/span><\/p>\n<h5><span style=\"font-size: small;\"><strong>Installationsprojektering<\/strong><\/span><\/h5>\n<p><span style=\"font-size: small;\"><span style=\"font-size: small;\">Vi projekterar kraft, belysning, tele-\/datasystem, inbrottslarm, passersystem, brandlarm och styr \/ \u00f6vervakning. Kan hj\u00e4lpa till med allt fr\u00e5n f\u00f6rstudier till relationshandlingar med ritningar, scheman och tekniska handlingar som kan beh\u00f6vas f\u00f6r att kunna utf\u00f6ra en upphandling eller utf\u00f6ra arbetet p\u00e5 arbetsplatsen.<\/span><\/span><\/p>\n<h2><span style=\"font-size: small;\"><strong>Utredningar<\/strong><\/span><\/h2>\n<p><span style=\"font-size: small;\">G\u00f6r utredningar av befintliga elanl\u00e4ggningar <\/span><\/p>\n<h2><strong><span style=\"font-size: small;\">Besiktningar<\/span><\/strong><\/h2>\n<p><span style=\"font-size: small;\"><span style=\"font-size: small;\">Vi utf\u00f6r \u00e4ven entreprenad-, garanti-, inventerings- och statusbesiktningar. Vi g\u00f6r \u00e4ven utredningar och kontroller p\u00e5 elanl\u00e4ggningar.<\/span><\/span><\/p>\n<h3><span style=\"font-size: small;\"><strong>Dokumentation<\/strong><\/span><\/h3>\n<p><span style=\"font-size: small;\">Vi kan hj\u00e4lpa fastighets\u00e4gare och entrepren\u00f6rer med att uppr\u00e4tta drift och sk\u00f6tsel instruktioner vid behov och \u00e4ven ta fram annan typ av dokumentation som man skulle vilja ha f\u00f6r ett projekt.\u00a0<\/span><\/p>\n<h3><span style=\"font-size: small;\"><strong>Kalkyler<\/strong><\/span><\/h3>\n<p><span style=\"font-size: small;\"><span style=\"font-size: small;\">Vi kan g\u00f6ra fullst\u00e4ndiga entreprenadkostnadskalkyler \u00e5t installat\u00f6rer eller kalkyl underlag \u00e5t best\u00e4llare f\u00f6r att kunna uppskatta vad ett projekt kommer kosta innan man b\u00f6rjat utf\u00f6ra installationer alt. b\u00f6rjat upphandlat elinstallat\u00f6r.<\/span><\/span><\/p>\n<h3><strong><span style=\"font-size: small;\">Hissar<\/span><\/strong><\/h3>\n<p><span style=\"font-size: small;\">Uppr\u00e4ttande av handlingar f\u00f6r upphandling av nya hissar eller modernisering av hissar. Framtagning av tekniska rambeskrivningar f\u00f6r upphandling av nya hissanl\u00e4ggningar i befintliga byggnader alternativt nybyggnationer.<\/span><\/p>\n<h5><strong><span style=\"font-size: small;\">Teleregistrering<\/span><\/strong><\/h5>\n<p><span style=\"font-size: small;\">Vi kan ta fram handlingar enligt SS 455 12 01-38 alternativt SS 455 12 01 utg 6. Handlingar tas fram med hj\u00e4lp av programvaran CADdirekt Tele.\u00a0<\/span><\/p>\n\n\n<p><\/p>\n","protected":false},"excerpt":{"rendered":"<p>Nola elkonstruktioner har l\u00e5ngt och bred erfarenhet inom el- och teleomr\u00e5det f\u00f6r de flesta olika typer av anl\u00e4ggningar. Vi hj\u00e4lper<\/p>\n","protected":false},"author":2,"featured_media":182,"parent":0,"menu_order":0,"comment_status":"closed","ping_status":"closed","template":"","meta":{"footnotes":""},"_links":{"self":[{"href":"https:\/\/www.nolael.se\/index.php?rest_route=\/wp\/v2\/pages\/10"}],"collection":[{"href":"https:\/\/www.nolael.se\/index.php?rest_route=\/wp\/v2\/pages"}],"about":[{"href":"https:\/\/www.nolael.se\/index.php?rest_route=\/wp\/v2\/types\/page"}],"author":[{"embeddable":true,"href":"https:\/\/www.nolael.se\/index.php?rest_route=\/wp\/v2\/users\/2"}],"replies":[{"embeddable":true,"href":"https:\/\/www.nolael.se\/index.php?rest_route=%2Fwp%2Fv2%2Fcomments&post=10"}],"version-history":[{"count":21,"href":"https:\/\/www.nolael.se\/index.php?rest_route=\/wp\/v2\/pages\/10\/revisions"}],"predecessor-version":[{"id":440,"href":"https:\/\/www.nolael.se\/index.php?rest_route=\/wp\/v2\/pages\/10\/revisions\/440"}],"wp:featuredmedia":[{"embeddable":true,"href":"https:\/\/www.nolael.se\/index.php?rest_route=\/wp\/v2\/media\/182"}],"wp:attachment":[{"href":"https:\/\/www.nolael.se\/index.php?rest_route=%2Fwp%2Fv2%2Fmedia&parent=10"}],"curies":[{"name":"wp","href":"https:\/\/api.w.org\/{rel}","templated":true}]}}