{"id":12,"date":"2016-08-18T15:56:23","date_gmt":"2016-08-18T13:56:23","guid":{"rendered":"https:\/\/www.nolael.se\/?page_id=12"},"modified":"2021-11-29T15:39:25","modified_gmt":"2021-11-29T14:39:25","slug":"om-oss","status":"publish","type":"page","link":"https:\/\/www.nolael.se\/?page_id=12","title":{"rendered":"Om oss"},"content":{"rendered":"<p><span style=\"font-size: small;\">Nola Elkonstruktioner AB \u00e4r ett privat\u00e4gt elteknik f\u00f6retag som arbetet med elinstallationer sedan 1987.<\/span><\/p>\n<p><span style=\"font-size: small;\">Genom\u00e5ren har v\u00e5ra kunder varit allt fr\u00e5n privat hus\u00e4gare, fastighets\u00e4gare av st\u00f6rre fastighetsbest\u00e5nd, kommuner, landsting och entrepren\u00f6rer.<\/span><\/p>\n<p><span style=\"font-size: small;\">Vi kan erbjuda en kundn\u00e4ra helheltsl\u00f6sning fr\u00e5n b\u00f6rjan av processen till avslutat projekt. Vi kan\u00a0 hj\u00e4lpa till\u00a0 under f\u00f6rvaltning av fastigheter om man beh\u00f6ver hj\u00e4lp med bed\u00f6ma eller utveckla och f\u00f6rst\u00e5 sin fastighet efter f\u00e4rdig anl\u00e4ggning.\u00a0<\/span><\/p>\n\n\n<p>Nola elkonstruktioner hj\u00e4lper till att ta fram f\u00f6rslag p\u00e5 l\u00f6sningar till en f\u00e4rdig produkt \u00e5t v\u00e5ra kunder som och l\u00f6sningar anpassas tillsammans med kunden f\u00f6r att f\u00e5 en slutgiltig produkt som \u00e4r s\u00e5 n\u00e4ra kundens \u00f6nskem\u00e5l som m\u00f6jligt i form av tekniska och estetiska och andra krav som man \u00f6nskar i sitt projekt.<\/p>\n\n\n\n<h3 class=\"wp-block-heading\">V\u00e5r v\u00e4rdegrund<\/h3>\n\n\n\n<p><\/p>\n","protected":false},"excerpt":{"rendered":"<p>Nola Elkonstruktioner AB \u00e4r ett privat\u00e4gt elteknik f\u00f6retag som arbetet med elinstallationer sedan 1987. Genom\u00e5ren har v\u00e5ra kunder varit allt<\/p>\n","protected":false},"author":2,"featured_media":0,"parent":0,"menu_order":0,"comment_status":"closed","ping_status":"closed","template":"","meta":{"footnotes":""},"_links":{"self":[{"href":"https:\/\/www.nolael.se\/index.php?rest_route=\/wp\/v2\/pages\/12"}],"collection":[{"href":"https:\/\/www.nolael.se\/index.php?rest_route=\/wp\/v2\/pages"}],"about":[{"href":"https:\/\/www.nolael.se\/index.php?rest_route=\/wp\/v2\/types\/page"}],"author":[{"embeddable":true,"href":"https:\/\/www.nolael.se\/index.php?rest_route=\/wp\/v2\/users\/2"}],"replies":[{"embeddable":true,"href":"https:\/\/www.nolael.se\/index.php?rest_route=%2Fwp%2Fv2%2Fcomments&post=12"}],"version-history":[{"count":16,"href":"https:\/\/www.nolael.se\/index.php?rest_route=\/wp\/v2\/pages\/12\/revisions"}],"predecessor-version":[{"id":427,"href":"https:\/\/www.nolael.se\/index.php?rest_route=\/wp\/v2\/pages\/12\/revisions\/427"}],"wp:attachment":[{"href":"https:\/\/www.nolael.se\/index.php?rest_route=%2Fwp%2Fv2%2Fmedia&parent=12"}],"curies":[{"name":"wp","href":"https:\/\/api.w.org\/{rel}","templated":true}]}}