{"id":14,"date":"2016-08-18T15:56:31","date_gmt":"2016-08-18T13:56:31","guid":{"rendered":"https:\/\/www.nolael.se\/?page_id=14"},"modified":"2018-02-06T17:59:28","modified_gmt":"2018-02-06T16:59:28","slug":"miljoplan-kvalitespolicy","status":"publish","type":"page","link":"https:\/\/www.nolael.se\/?page_id=14","title":{"rendered":"Milj\u00f6policy &#038; kvalitespolicy"},"content":{"rendered":"<p><span style=\"font-size: small;\"><br \/>\nNola elkonstruktioner AB har en kvalitets- och milj\u00f6policy d\u00e4r det \u00f6vergripande m\u00e5let \u00e4r att utveckla f\u00f6retag och samh\u00e4llet f\u00f6r att bidra till en h\u00e5llbar utveckling f\u00f6r kommande generationer. I den m\u00e5n vi kan p\u00e5verka kunder och projekt.<\/span><\/p>\n<p><span style=\"font-size: small;\">Vi anser att milj\u00f6- och kvalitetsomr\u00e5det \u00e4r n\u00e5got som man st\u00e4ndigt m\u00e5ste utvecklas och uppdateras \u00e4ven anpassas efter ny teknik och ny forskning. Detta \u00e4r n\u00e5got respektive handl\u00e4ggare ska framf\u00f6ra eventuella \u00f6nskem\u00e5l om f\u00f6r\u00e4ndringar till f\u00f6retagets huvudansvarige f\u00f6r kvalit\u00e9, Roger Ekl\u00f6f.<\/p>\n<p><strong>Milj\u00f6policy<\/strong><br \/>\n<span style=\"font-size: small;\"><br \/>\nNola elkonstruktioner skall verka f\u00f6r anv\u00e4ndandet av milj\u00f6v\u00e4nliga, \u00e5tervinningsbara material och energieffektiva tekniska l\u00f6sningar.<br \/>\nVi ska aktivt arbeta f\u00f6r att passa in f\u00f6retaget i ett uth\u00e5lligt samh\u00e4lle d\u00e4r vi till s\u00e5 l\u00e5ng utstr\u00e4ckning som m\u00f6jligt inte ska p\u00e5verka och f\u00f6rst\u00f6ra m\u00f6jligheter f\u00f6r kommande generationer.<br \/>\n<span style=\"font-size: small;\"><br \/>\nVi str\u00e4var efter att uppfylla nedanst\u00e5ende villkor som projekt anpassas:<br \/>\n<span style=\"font-size: small;\"><br \/>\n&#8211; F\u00f6rsl\u00e5 och f\u00f6reskriva anv\u00e4ndning av milj\u00f6v\u00e4nlig materiel, material och utrustningar.<br \/>\n&#8211; F\u00f6rsl\u00e5 \u00e5teranv\u00e4ndning, \u00e5tervinning och sortering av rivnings material.<br \/>\n&#8211; F\u00f6lja kundernas och samh\u00e4llets milj\u00f6krav.<\/span><\/span><\/span><\/p>\n<p><strong>Kvalitetspolicy<\/strong><\/p>\n<p><span style=\"font-size: small;\">Nola elkonstruktioner AB skall alltid str\u00e4va efter att kunden f\u00e5r den kvalitet man f\u00f6rv\u00e4ntar sig. Vi vill alltid uppn\u00e5 v\u00e5ra best\u00e4llares kvalitetskrav med inriktning p\u00e5 en bra produkt och ekonomi f\u00f6r varje projekt. V\u00e5ra tj\u00e4nster str\u00e4vas efter att vara en s\u00e5 problemfri och ekonomisk l\u00f6sning som m\u00f6jligt.<\/p>\n<p><span style=\"font-size: small;\">Vi str\u00e4var efter att uppfylla nedanst\u00e5ende villkor, till varje projekt:<br \/>\n&#8211; Effektivisera och optimera anv\u00e4ndningen av energi<br \/>\n&#8211; Minimera spridning av f\u00f6roreningar<br \/>\n&#8211; H\u00e5lla oss uppdaterade p\u00e5 milj\u00f6omr\u00e5det<br \/>\n&#8211; Anv\u00e4nda den teknik som \u00e4r b\u00e4sta l\u00f6sningen f\u00f6r varje kund, under f\u00f6ruts\u00e4ttning av kundens ekonomi i projektet<br \/>\n&#8211; Anv\u00e4nda teknik som \u00e4r s\u00e5 utformad s\u00e5 att framtida f\u00f6r\u00e4ndringar ska utf\u00f6ras p\u00e5 s\u00e5 enkelt s\u00e4tt som m\u00f6jligt.<br \/>\n&#8211; Anpassa oss efter kundens \u00f6nskem\u00e5l och f\u00f6rv\u00e4ntningar.<br \/>\n&#8211; L\u00f6sa problem p\u00e5 ett s\u00e5 bra s\u00e4tt som m\u00f6jligt f\u00f6r alla parter.<\/p>\n<p>__________________________________<\/p>\n<p>Roger Ekl\u00f6f, VD<\/p>\n","protected":false},"excerpt":{"rendered":"<p>Nola elkonstruktioner AB har en kvalitets- och milj\u00f6policy d\u00e4r det \u00f6vergripande m\u00e5let \u00e4r att utveckla f\u00f6retag och samh\u00e4llet f\u00f6r att<\/p>\n","protected":false},"author":1,"featured_media":0,"parent":0,"menu_order":0,"comment_status":"closed","ping_status":"closed","template":"","meta":{"footnotes":""},"_links":{"self":[{"href":"https:\/\/www.nolael.se\/index.php?rest_route=\/wp\/v2\/pages\/14"}],"collection":[{"href":"https:\/\/www.nolael.se\/index.php?rest_route=\/wp\/v2\/pages"}],"about":[{"href":"https:\/\/www.nolael.se\/index.php?rest_route=\/wp\/v2\/types\/page"}],"author":[{"embeddable":true,"href":"https:\/\/www.nolael.se\/index.php?rest_route=\/wp\/v2\/users\/1"}],"replies":[{"embeddable":true,"href":"https:\/\/www.nolael.se\/index.php?rest_route=%2Fwp%2Fv2%2Fcomments&post=14"}],"version-history":[{"count":6,"href":"https:\/\/www.nolael.se\/index.php?rest_route=\/wp\/v2\/pages\/14\/revisions"}],"predecessor-version":[{"id":244,"href":"https:\/\/www.nolael.se\/index.php?rest_route=\/wp\/v2\/pages\/14\/revisions\/244"}],"wp:attachment":[{"href":"https:\/\/www.nolael.se\/index.php?rest_route=%2Fwp%2Fv2%2Fmedia&parent=14"}],"curies":[{"name":"wp","href":"https:\/\/api.w.org\/{rel}","templated":true}]}}