{"id":141,"date":"2017-01-10T20:32:48","date_gmt":"2017-01-10T19:32:48","guid":{"rendered":"https:\/\/www.nolael.se\/?page_id=141"},"modified":"2021-12-02T11:51:31","modified_gmt":"2021-12-02T10:51:31","slug":"jobba-hos-oss","status":"publish","type":"page","link":"https:\/\/www.nolael.se\/?page_id=141","title":{"rendered":"Jobba hos oss"},"content":{"rendered":"<p><span style=\"font-size: small;\">Vi s\u00f6ker fler kollegor till Nola Elkonstruktioner, se vad vi s\u00f6ker nedan.<\/span><\/p>\n<p><strong>Elkonstrukt\u00f6r<\/strong><span style=\"font-size: small;\"><br \/>\nElkonstrukt\u00f6r hos oss kommer du i f\u00f6rsta hand hj\u00e4lpa uppdragsledare att projektera och konstruera el-anl\u00e4ggningar i AutoCAD milj\u00f6 med till\u00e4ggs program MagiCAD el. \u00c4ven mindre projekt d\u00e4r du kommer driva projektet sj\u00e4lv med hj\u00e4lp av dina kollegor hos oss om du har funderingar eller fr\u00e5gor.<\/span><span style=\"font-size: small;\"><br \/>\nDu ska ha bakgrund inom elbranschen, oavsett om det \u00e4r som elektriker, projektledare och&nbsp; konstrukt\u00f6r eller liknande bakgrund.<\/span><\/p>\n<p><strong>PERSONLIGHET<\/strong><span style=\"font-size: small;\"><br \/>\nVi v\u00e4rdes\u00e4tter medarbetare som \u00e4r ordningsamma, drivkraftiga och villig att st\u00e4ndigt l\u00e4ra och utveckla sig sj\u00e4lv. Bra p\u00e5 samarbeta och social kompetens, eftersom arbetet inneb\u00e4r mycket kundkontakt och \u00e4ven samarbete med kollegor och andra projektmedlemmar i ett projekt.<\/span><\/p>\n<p><strong>KOMPETENS<\/strong><span style=\"font-size: small;\"><br \/>\nVi s\u00f6ker dig som har relevanta teknisk utbildning fr\u00e5n gymnasie-\/h\u00f6gskoleniv\u00e5 eller likv\u00e4rdig. Du ska kunna uttrycka dig v\u00e4l i skrift och tal p\u00e5 svenska. \u00c4ven goda engelska kunskaper. Intresse och\/eller erfarenhet fr\u00e5n att arbeta i CAD-milj\u00f6er.<br \/>\n<span style=\"font-size: small;\"><br \/>\n<em>F\u00f6r mer information om tj\u00e4nsten<\/em><br \/>\n<em>Roger Ekl\u00f6f, 0660-555 71, roger.eklof@nolael.se<\/em><\/span><\/span><\/p>\n","protected":false},"excerpt":{"rendered":"<p>Vi s\u00f6ker fler kollegor till Nola Elkonstruktioner, se vad vi s\u00f6ker nedan. Elkonstrukt\u00f6r Elkonstrukt\u00f6r hos oss kommer du i f\u00f6rsta<\/p>\n","protected":false},"author":2,"featured_media":0,"parent":0,"menu_order":0,"comment_status":"closed","ping_status":"closed","template":"","meta":{"footnotes":""},"_links":{"self":[{"href":"https:\/\/www.nolael.se\/index.php?rest_route=\/wp\/v2\/pages\/141"}],"collection":[{"href":"https:\/\/www.nolael.se\/index.php?rest_route=\/wp\/v2\/pages"}],"about":[{"href":"https:\/\/www.nolael.se\/index.php?rest_route=\/wp\/v2\/types\/page"}],"author":[{"embeddable":true,"href":"https:\/\/www.nolael.se\/index.php?rest_route=\/wp\/v2\/users\/2"}],"replies":[{"embeddable":true,"href":"https:\/\/www.nolael.se\/index.php?rest_route=%2Fwp%2Fv2%2Fcomments&post=141"}],"version-history":[{"count":9,"href":"https:\/\/www.nolael.se\/index.php?rest_route=\/wp\/v2\/pages\/141\/revisions"}],"predecessor-version":[{"id":430,"href":"https:\/\/www.nolael.se\/index.php?rest_route=\/wp\/v2\/pages\/141\/revisions\/430"}],"wp:attachment":[{"href":"https:\/\/www.nolael.se\/index.php?rest_route=%2Fwp%2Fv2%2Fmedia&parent=141"}],"curies":[{"name":"wp","href":"https:\/\/api.w.org\/{rel}","templated":true}]}}