{"id":16,"date":"2016-08-18T15:56:40","date_gmt":"2016-08-18T13:56:40","guid":{"rendered":"https:\/\/www.nolael.se\/?page_id=16"},"modified":"2023-02-01T19:17:32","modified_gmt":"2023-02-01T18:17:32","slug":"kontakta-oss","status":"publish","type":"page","link":"https:\/\/www.nolael.se\/?page_id=16","title":{"rendered":"Kontakta oss"},"content":{"rendered":"<p><span style=\"font-size: small;\"><strong>Adress:<\/strong><br \/>Postadress: Box 243, 891 25, \u00d6rnsk\u00f6ldsvik<br \/>Bes\u00f6ksadress: Stationsplan 5 (Rondellplan 5),\u00a0 891 31 \u00d6rnsk\u00f6ldsvik<\/span><br \/><span style=\"font-size: small;\"><br \/><strong>Telefon \/ Fax:<\/strong><br \/>Telefon: 0660-555 70<br \/>Fax: 0660-555 73<br \/><span style=\"font-size: small;\"><img loading=\"lazy\" decoding=\"async\" class=\"alignnone  wp-image-433\" src=\"https:\/\/www.nolael.se\/wp-content\/uploads\/2022\/02\/Roger-E-225x300.jpg\" alt=\"\" width=\"132\" height=\"176\" srcset=\"https:\/\/www.nolael.se\/wp-content\/uploads\/2022\/02\/Roger-E-225x300.jpg 225w, https:\/\/www.nolael.se\/wp-content\/uploads\/2022\/02\/Roger-E-768x1024.jpg 768w, https:\/\/www.nolael.se\/wp-content\/uploads\/2022\/02\/Roger-E-1152x1536.jpg 1152w, https:\/\/www.nolael.se\/wp-content\/uploads\/2022\/02\/Roger-E-1536x2048.jpg 1536w, https:\/\/www.nolael.se\/wp-content\/uploads\/2022\/02\/Roger-E-scaled.jpg 1920w\" sizes=\"(max-width: 132px) 100vw, 132px\" \/> \u00a0<br \/><strong>Roger Ekl\u00f6f, VD<\/strong><br \/>E-post: <a href=\"mailto:roger@nolael.se\">roger@nolael.se<\/a><br \/>Telefon: 0660-555 71<br \/>Mobil: 070-555 73 11<br \/><span style=\"font-size: small;\"><br \/><span style=\"font-size: small;\"><strong>Marcus Wiberg<\/strong><br \/>E-post: <a href=\"mailto:marcus@nolael.se\">marcus@nolael.se<\/a><br \/>Mobil: 073-555 32 73<\/span><\/span><\/span><\/span><\/p>\n\n\n<p><\/p>\n","protected":false},"excerpt":{"rendered":"<p>Adress:Postadress: Box 243, 891 25, \u00d6rnsk\u00f6ldsvikBes\u00f6ksadress: Stationsplan 5 (Rondellplan 5),\u00a0 891 31 \u00d6rnsk\u00f6ldsvikTelefon \/ Fax:Telefon: 0660-555 70Fax: 0660-555 73 \u00a0Roger<\/p>\n","protected":false},"author":2,"featured_media":0,"parent":0,"menu_order":0,"comment_status":"closed","ping_status":"closed","template":"","meta":{"footnotes":""},"_links":{"self":[{"href":"https:\/\/www.nolael.se\/index.php?rest_route=\/wp\/v2\/pages\/16"}],"collection":[{"href":"https:\/\/www.nolael.se\/index.php?rest_route=\/wp\/v2\/pages"}],"about":[{"href":"https:\/\/www.nolael.se\/index.php?rest_route=\/wp\/v2\/types\/page"}],"author":[{"embeddable":true,"href":"https:\/\/www.nolael.se\/index.php?rest_route=\/wp\/v2\/users\/2"}],"replies":[{"embeddable":true,"href":"https:\/\/www.nolael.se\/index.php?rest_route=%2Fwp%2Fv2%2Fcomments&post=16"}],"version-history":[{"count":16,"href":"https:\/\/www.nolael.se\/index.php?rest_route=\/wp\/v2\/pages\/16\/revisions"}],"predecessor-version":[{"id":443,"href":"https:\/\/www.nolael.se\/index.php?rest_route=\/wp\/v2\/pages\/16\/revisions\/443"}],"wp:attachment":[{"href":"https:\/\/www.nolael.se\/index.php?rest_route=%2Fwp%2Fv2%2Fmedia&parent=16"}],"curies":[{"name":"wp","href":"https:\/\/api.w.org\/{rel}","templated":true}]}}