{"id":67,"date":"2016-08-18T17:06:28","date_gmt":"2016-08-18T15:06:28","guid":{"rendered":"https:\/\/www.nolael.se\/?page_id=67"},"modified":"2018-04-11T19:03:59","modified_gmt":"2018-04-11T17:03:59","slug":"referenser","status":"publish","type":"page","link":"https:\/\/www.nolael.se\/?page_id=67","title":{"rendered":"Referenser"},"content":{"rendered":"\n<table id=\"tablepress-2\" class=\"tablepress tablepress-id-2\">\n<thead>\n<tr class=\"row-1 odd\">\n\t<th class=\"column-1\">Projekt<\/th><th class=\"column-2\">Kommun<\/th><th class=\"column-3\">Best\u00e4llare<\/th><th class=\"column-4\">\u00c5r<\/th><th class=\"column-5\">Om projektet<\/th><th class=\"column-6\">Uppdrag<\/th>\n<\/tr>\n<\/thead>\n<tbody class=\"row-hover\">\n<tr class=\"row-2 even\">\n\t<td class=\"column-1\">Tr\u00e4ningsskolan<\/td><td class=\"column-2\">\u00d6rnsk\u00f6ldsvik<\/td><td class=\"column-3\">\u00d6rnsk\u00f6ldsviks kommun<\/td><td class=\"column-4\">2019<\/td><td class=\"column-5\">Nybyggnation av tr\u00e4ningsskola vid \u00c4ngetskolan.<\/td><td class=\"column-6\">Framtagning av f\u00f6rfr\u00e5gningsunderlag f\u00f6r el- och telesystem. D\u00e4r det ing\u00e5r bland annat brandlarm, passerkontrollsystem, telesystem, KNX, belysning (i klassrum HCL) och kraftinstallationer.<\/td>\n<\/tr>\n<tr class=\"row-3 odd\">\n\t<td class=\"column-1\">Sidensj\u00f6 - tillbyggnad av en avdelning p\u00e5 \u00e4ldreboende<\/td><td class=\"column-2\">\u00d6rnsk\u00f6ldsvik<\/td><td class=\"column-3\">\u00d6rnsk\u00f6ldsviks kommun<\/td><td class=\"column-4\">2019<\/td><td class=\"column-5\">Tillbyggnad av befintlig byggnad av en ny avdelning<\/td><td class=\"column-6\">Ta fram f\u00f6rfr\u00e5gningsunderlag f\u00f6r en utf\u00f6rande entreprenad f\u00f6r el- och teleystem. <br \/>\n\u00c4ven ta fram f\u00f6rfr\u00e5gningsunderlag f\u00f6r hissanl\u00e4ggning som en totalentreprenad.<\/td>\n<\/tr>\n<tr class=\"row-4 even\">\n\t<td class=\"column-1\">H\u00f6glidenskolan<\/td><td class=\"column-2\">\u00d6rnsk\u00f6ldsvik<\/td><td class=\"column-3\">\u00d6rnsk\u00f6ldsviks kommun<\/td><td class=\"column-4\">2017<\/td><td class=\"column-5\">Ombyggnation av befintlig byggnad fr\u00e5n Komvux till h\u00f6gstadieskola. Totalrenovering av alla elsystem och telesystem.<\/td><td class=\"column-6\">Utf\u00f6rande entreprenad f\u00f6r totalrenovering av hela el- och telesystemen i byggnaden.<\/td>\n<\/tr>\n<tr class=\"row-5 odd\">\n\t<td class=\"column-1\">Gudlav bilderskolan<\/td><td class=\"column-2\">Sollefte\u00e5 kommun<\/td><td class=\"column-3\">Sollefte\u00e5 kommun<\/td><td class=\"column-4\">2018<\/td><td class=\"column-5\">Renovering av skollokaler till en yta p\u00e5 ca 15.000 kvadratmeter.<\/td><td class=\"column-6\">Framtagning av rambeskrivning f\u00f6r upphandling av totalentreprenad.<\/td>\n<\/tr>\n<tr class=\"row-6 even\">\n\t<td class=\"column-1\">Prima<\/td><td class=\"column-2\">Sundsvalls kommun<\/td><td class=\"column-3\">PEAB<\/td><td class=\"column-4\">2015<\/td><td class=\"column-5\">Nyproduktion av l\u00e4genheter efter norra kajen.<br \/>\n<\/td><td class=\"column-6\">Framtagning av handlingar f\u00f6r utf\u00f6rande entreprenad f\u00f6r samtliga system.<\/td>\n<\/tr>\n<tr class=\"row-7 odd\">\n\t<td class=\"column-1\">Ting1<\/td><td class=\"column-2\">\u00d6rnsk\u00f6ldsviks kommun<\/td><td class=\"column-3\">A. Bylunds el<\/td><td class=\"column-4\">2011<\/td><td class=\"column-5\">Nyproduktion av l\u00e4genheter, ovan p\u00e5 befintliga tingshuset i \u00d6rnsk\u00f6ldsvik. <\/td><td class=\"column-6\">Framtagning av ritningar f\u00f6r entreprenaden, med rambeskrivning som underlag.<\/td>\n<\/tr>\n<tr class=\"row-8 even\">\n\t<td class=\"column-1\"><\/td><td class=\"column-2\"><\/td><td class=\"column-3\"><\/td><td class=\"column-4\"><\/td><td class=\"column-5\"><\/td><td class=\"column-6\"><\/td>\n<\/tr>\n<tr class=\"row-9 odd\">\n\t<td class=\"column-1\"><\/td><td class=\"column-2\"><\/td><td class=\"column-3\"><\/td><td class=\"column-4\"><\/td><td class=\"column-5\"><\/td><td class=\"column-6\"><\/td>\n<\/tr>\n<tr class=\"row-10 even\">\n\t<td class=\"column-1\"><\/td><td class=\"column-2\"><\/td><td class=\"column-3\"><\/td><td class=\"column-4\"><\/td><td class=\"column-5\"><\/td><td class=\"column-6\"><\/td>\n<\/tr>\n<tr class=\"row-11 odd\">\n\t<td class=\"column-1\"><\/td><td class=\"column-2\"><\/td><td class=\"column-3\"><\/td><td class=\"column-4\"><\/td><td class=\"column-5\"><\/td><td class=\"column-6\"><\/td>\n<\/tr>\n<\/tbody>\n<\/table>\n<!-- #tablepress-2 from cache -->\n","protected":false},"excerpt":{"rendered":"","protected":false},"author":1,"featured_media":0,"parent":0,"menu_order":0,"comment_status":"closed","ping_status":"closed","template":"","meta":{"footnotes":""},"_links":{"self":[{"href":"https:\/\/www.nolael.se\/index.php?rest_route=\/wp\/v2\/pages\/67"}],"collection":[{"href":"https:\/\/www.nolael.se\/index.php?rest_route=\/wp\/v2\/pages"}],"about":[{"href":"https:\/\/www.nolael.se\/index.php?rest_route=\/wp\/v2\/types\/page"}],"author":[{"embeddable":true,"href":"https:\/\/www.nolael.se\/index.php?rest_route=\/wp\/v2\/users\/1"}],"replies":[{"embeddable":true,"href":"https:\/\/www.nolael.se\/index.php?rest_route=%2Fwp%2Fv2%2Fcomments&post=67"}],"version-history":[{"count":20,"href":"https:\/\/www.nolael.se\/index.php?rest_route=\/wp\/v2\/pages\/67\/revisions"}],"predecessor-version":[{"id":278,"href":"https:\/\/www.nolael.se\/index.php?rest_route=\/wp\/v2\/pages\/67\/revisions\/278"}],"wp:attachment":[{"href":"https:\/\/www.nolael.se\/index.php?rest_route=%2Fwp%2Fv2%2Fmedia&parent=67"}],"curies":[{"name":"wp","href":"https:\/\/api.w.org\/{rel}","templated":true}]}}