{"id":8,"date":"2016-08-18T15:56:06","date_gmt":"2016-08-18T13:56:06","guid":{"rendered":"https:\/\/www.nolael.se\/?page_id=8"},"modified":"2021-11-29T10:44:27","modified_gmt":"2021-11-29T09:44:27","slug":"start","status":"publish","type":"page","link":"https:\/\/www.nolael.se\/","title":{"rendered":"NOLA ELKONSTRUKTIONER AB"},"content":{"rendered":"<p><span style=\"font-size: small;\"><div id=\"metaslider-id-163\" style=\"width: 100%;\" class=\"ml-slider-3-50-0 metaslider metaslider-flex metaslider-163 ml-slider ms-theme-default\" role=\"region\" aria-roledescription=\"Slideshow\" aria-label=\"New Slideshow\">\n    <div id=\"metaslider_container_163\">\n        <div id=\"metaslider_163\" class=\"flexslider\">\n            <ul aria-live=\"polite\" class=\"slides\">\n                <li style=\"display: block; width: 100%;\" class=\"slide-191 ms-image\" aria-roledescription=\"slide\" aria-label=\"slide-191\"><img loading=\"lazy\" decoding=\"async\" src=\"https:\/\/www.nolael.se\/wp-content\/uploads\/2018\/02\/TING1-trapphus-3-1500x800.jpg\" height=\"800\" width=\"1500\" alt=\"\" class=\"slider-163 slide-191\" \/><div class=\"caption-wrap\"><div class=\"caption\">Ting1 - Huvudentr\u00e9, Flerfamiljsbostad <\/div><\/div><\/li>\n                <li style=\"display: none; width: 100%;\" class=\"slide-192 ms-image\" aria-roledescription=\"slide\" aria-label=\"slide-192\"><img loading=\"lazy\" decoding=\"async\" src=\"https:\/\/www.nolael.se\/wp-content\/uploads\/2018\/02\/TING1-trapphus-5-1500x800.jpg\" height=\"800\" width=\"1500\" alt=\"\" class=\"slider-163 slide-192\" \/><div class=\"caption-wrap\"><div class=\"caption\">Ting1 - Huvudhall, Flerfamiljsbostad <\/div><\/div><\/li>\n                <li style=\"display: none; width: 100%;\" class=\"slide-193 ms-image\" aria-roledescription=\"slide\" aria-label=\"slide-193\"><img loading=\"lazy\" decoding=\"async\" src=\"https:\/\/www.nolael.se\/wp-content\/uploads\/2018\/02\/TING1-trapphus-1-1500x800.jpg\" height=\"800\" width=\"1500\" alt=\"\" class=\"slider-163 slide-193\" \/><div class=\"caption-wrap\"><div class=\"caption\">Ting1 - Huvudhall, Flerfamiljsbostad <\/div><\/div><\/li>\n                <li style=\"display: none; width: 100%;\" class=\"slide-194 ms-image\" aria-roledescription=\"slide\" aria-label=\"slide-194\"><img loading=\"lazy\" decoding=\"async\" src=\"https:\/\/www.nolael.se\/wp-content\/uploads\/2018\/02\/DSC_0510-1500x800.jpg\" height=\"800\" width=\"1500\" alt=\"\" class=\"slider-163 slide-194\" \/><div class=\"caption-wrap\"><div class=\"caption\">Mosebacke - Flerfamiljsbostad<\/div><\/div><\/li>\n                <li style=\"display: none; width: 100%;\" class=\"slide-195 ms-image\" aria-roledescription=\"slide\" aria-label=\"slide-195\"><img loading=\"lazy\" decoding=\"async\" src=\"https:\/\/www.nolael.se\/wp-content\/uploads\/2018\/02\/DSC_0511-1500x800.jpg\" height=\"800\" width=\"1500\" alt=\"\" class=\"slider-163 slide-195\" \/><div class=\"caption-wrap\"><div class=\"caption\">Kusth\u00f6jden - villor och flerfamiljsbostad<\/div><\/div><\/li>\n                <li style=\"display: none; width: 100%;\" class=\"slide-196 ms-image\" aria-roledescription=\"slide\" aria-label=\"slide-196\"><img loading=\"lazy\" decoding=\"async\" src=\"https:\/\/www.nolael.se\/wp-content\/uploads\/2018\/02\/DSC_0509-1500x800.jpg\" height=\"800\" width=\"1500\" alt=\"\" class=\"slider-163 slide-196\" \/><div class=\"caption-wrap\"><div class=\"caption\">Paradiset <\/div><\/div><\/li>\n                <li style=\"display: none; width: 100%;\" class=\"slide-197 ms-image\" aria-roledescription=\"slide\" aria-label=\"slide-197\"><img loading=\"lazy\" decoding=\"async\" src=\"https:\/\/www.nolael.se\/wp-content\/uploads\/2018\/02\/DSC_0508-1500x800.jpg\" height=\"800\" width=\"1500\" alt=\"\" class=\"slider-163 slide-197\" \/><div class=\"caption-wrap\"><div class=\"caption\">Kv Afrika - Flerfamiljsbostad och lokaler<\/div><\/div><\/li>\n                <li style=\"display: none; width: 100%;\" class=\"slide-198 ms-image\" aria-roledescription=\"slide\" aria-label=\"slide-198\"><img loading=\"lazy\" decoding=\"async\" src=\"https:\/\/www.nolael.se\/wp-content\/uploads\/2018\/02\/DSC_0507-1500x800.jpg\" height=\"800\" width=\"1500\" alt=\"\" class=\"slider-163 slide-198\" \/><div class=\"caption-wrap\"><div class=\"caption\">Ting1<\/div><\/div><\/li>\n            <\/ul>\n        <\/div>\n        \n    <\/div>\n<\/div><\/span><\/p>\n<p><span style=\"font-size: small;\">Nola elkonstruktioner \u00e4r utf\u00f6r projektering inom elkonstruktioner, f\u00f6r belysning, kraft, telesystem och styrsystem. Vi har bedrivit verksamheten sedan 1987 och har genom \u00e5ren utf\u00f6rt flera m\u00e5nga olika projekt, allt fr\u00e5n skolor, kontor, utomhusmilj\u00f6er, l\u00e4genheter, industrilokaler. Vi innehar en bred kompetens inom flera omr\u00e5den och \u00e4r inte fr\u00e4mmande f\u00f6r teknik eller anv\u00e4nda nya typer av teknik som kan vara l\u00e4mplig f\u00f6r specifikt projekt.<\/span><\/p>\n<p>H\u00f6r av er till oss om ni har fr\u00e5gor eller funderingar.<\/p>\n\n\n<p><\/p>\n","protected":false},"excerpt":{"rendered":"<p>Nola elkonstruktioner \u00e4r utf\u00f6r projektering inom elkonstruktioner, f\u00f6r belysning, kraft, telesystem och styrsystem. Vi har bedrivit verksamheten sedan 1987 och<\/p>\n","protected":false},"author":2,"featured_media":0,"parent":0,"menu_order":0,"comment_status":"closed","ping_status":"closed","template":"","meta":{"footnotes":""},"_links":{"self":[{"href":"https:\/\/www.nolael.se\/index.php?rest_route=\/wp\/v2\/pages\/8"}],"collection":[{"href":"https:\/\/www.nolael.se\/index.php?rest_route=\/wp\/v2\/pages"}],"about":[{"href":"https:\/\/www.nolael.se\/index.php?rest_route=\/wp\/v2\/types\/page"}],"author":[{"embeddable":true,"href":"https:\/\/www.nolael.se\/index.php?rest_route=\/wp\/v2\/users\/2"}],"replies":[{"embeddable":true,"href":"https:\/\/www.nolael.se\/index.php?rest_route=%2Fwp%2Fv2%2Fcomments&post=8"}],"version-history":[{"count":16,"href":"https:\/\/www.nolael.se\/index.php?rest_route=\/wp\/v2\/pages\/8\/revisions"}],"predecessor-version":[{"id":423,"href":"https:\/\/www.nolael.se\/index.php?rest_route=\/wp\/v2\/pages\/8\/revisions\/423"}],"wp:attachment":[{"href":"https:\/\/www.nolael.se\/index.php?rest_route=%2Fwp%2Fv2%2Fmedia&parent=8"}],"curies":[{"name":"wp","href":"https:\/\/api.w.org\/{rel}","templated":true}]}}